


{"id":1106,"date":"2013-09-13T16:18:24","date_gmt":"2013-09-13T14:18:24","guid":{"rendered":"https:\/\/www-casa.irisa.fr\/?page_id=1106"},"modified":"2013-09-20T11:27:37","modified_gmt":"2013-09-20T09:27:37","slug":"seawan","status":"publish","type":"page","link":"https:\/\/www-casa.irisa.fr\/fr\/seawan\/","title":{"rendered":"SeaWAN: r\u00e9seau mobile ad hoc dans le domaine maritime"},"content":{"rendered":"<p>Coordinateur du projet : <a href=\"http:\/\/people.irisa.fr\/Frederic.Raimbault\/\">Fr\u00e9d\u00e9ric Raimbault <\/a><br \/>\navec le soutien de <a href=\"mailto:gwenael.Le-maguer@univ-ubs.fr\">Gwena\u00ebl Le Maguer<\/a>, ing\u00e9nieur transfert nautisme et construction navale<\/p>\n<h2>Objectif<\/h2>\n<p>L&rsquo;\u00e9quipe <a href=\"http:\/\/www-casa.irisa.fr\/\">CASA<\/a> de l&rsquo;<a href=\"http:\/\/www.irisa.fr\/\"> UMR IRISA <\/a>poss\u00e8de une expertise scientifique et technique dans le domaine des r\u00e9seaux mobiles ad-hoc (MANET). Elle a notamment con\u00e7u et d\u00e9velopp\u00e9 un syst\u00e8me de communication nomm\u00e9 <a href=\"http:\/\/www-casa.irisa.fr\/dodwan\/\">DoDWAN<\/a>. DoDWAN permet \u00e0 des terminaux mobiles de communiquer en l&rsquo;absence d&rsquo;infrastructure (antennes GSM, points d&rsquo;acc\u00e8s Wi-Fi, satellites, &#8230;) en exploitant les capacit\u00e9s de communication radio courte port\u00e9e (dispositifs Wi-Fi mode ad-hoc, &#8230;) couramment pr\u00e9sents sur les PC portables, smartphones ou tablettes. Le protocole de communication impl\u00e9ment\u00e9 dans DoDWAN l\u00e8ve les verrous de ce type d&rsquo;approche (contraintes de consommation, absence de connectivit\u00e9 de bout en bout, mobilit\u00e9 et volabilit\u00e9 impr\u00e9visibles) ; il a \u00e9t\u00e9 valid\u00e9 <a href=\"http:\/\/www-casa.irisa.fr\/dodwan\/\">scientifiquement<\/a> et v\u00e9rifi\u00e9 <a href=\"http:\/\/www-casa.irisa.fr\/dodwan-expe\/\">exp\u00e9rimentalement<\/a>.<\/p>\n<p>Par ailleurs, le milieu maritime est un espace g\u00e9ographique o\u00f9 l&rsquo;absence d&rsquo;infrastructure pour les communications est manifeste pour peu que l&rsquo;on s&rsquo;\u00e9loigne de quelques milles du rivage. A l&rsquo;exception du satellite &#8212; trop co\u00fbteux pour la majorit\u00e9 des acteurs du domaine maritime &#8212; les moyens de communication en mer reposent actuellement sur l&rsquo;utilisation des bandes de fr\u00e9quences UHF et VHF ; ils sont d\u00e9di\u00e9s \u00e0 la s\u00e9curit\u00e9, en phonie (sauf l&rsquo;AIS pour la diffusion d&rsquo;informations relatives \u00e0 la navigation). Il n&rsquo;existe aucun moyen d&rsquo;\u00e9changer directement des donn\u00e9es entre navires.<\/p>\n<p>A court terme, l&rsquo;objectif du projet SeaWAN est de d\u00e9ployer une solution d&rsquo;\u00e9changes de donn\u00e9es inter-navire sans infrastructure terrestre ou satellitaire. Cette solution peut \u00eatre bas\u00e9e sur DoDWAN ou inspir\u00e9e de sa mise en oeuvre. A moyen terme, ce support de communication devrait permettre l&rsquo;\u00e9mergence d&rsquo;applications exploitant l&rsquo;\u00e9change d&rsquo;informations (m\u00e9t\u00e9orologiques, g\u00e9ographiques, environnementales, logistiques, &#8230;) entre les diff\u00e9rents acteurs pr\u00e9sents sur un plan d&rsquo;eau (installations portuaires, navires \u00e0 passagers, navires \u00e9coles, bateaux de courses, balises et capteurs,&#8230;).<\/p>\n<h2>Exp\u00e9rimentation du Wi-Fi en mer<\/h2>\n<p>Nous avons men\u00e9 une exp\u00e9rimentation de communication inter-navire \u00e0 l&rsquo;aide d&rsquo;antennes Wi-Fi marinis\u00e9es pr\u00eat\u00e9es aimablement par la soci\u00e9t\u00e9 <a href=\"http:\/\/www.ixelek.com\/fr\/\">iXElek<\/a>. Il s&rsquo;agit du <a href=\"http:\/\/www.digitalyacht.co.uk\/product_info.php?products_id=10924\">mod\u00e8le WL400 de Digital Yatch<\/a> qui int\u00e8gre un chipset Wi-Fi dans sa base et connectable \u00e0 un PC via un cable USB de 5 m.<\/p>\n<p>Les tests ont \u00e9t\u00e9 r\u00e9alis\u00e9s avec le concours d&rsquo;un skipper professionnel de <a href=\"http:\/\/cfin.free.fr\">l&rsquo;ASCFIN<\/a> sur deux bateaux \u00e9quip\u00e9s d&rsquo;une antenne WL400 et d&rsquo;un ordinateur portable connect\u00e9 \u00e0 un GPS. Une application client-serveur effectuait l&rsquo;envoi des coordonn\u00e9es GPS de chaque navire ce qui nous a permis de mesurer la port\u00e9e et le d\u00e9bit en temps r\u00e9el sur le plan d&rsquo;eau. L&rsquo;enregistrement de ces mesures nous a permis notamment d&rsquo;observer un d\u00e9bit maximal d&rsquo;environ 800 Kbit\/s \u00e0 une distance maximale de 0.5 mille nautique. C&rsquo;est une indication pour d\u00e9cider de l&#8217;emploi ou non de la technologie Wi-Fi dans de futures applications maritimes.<\/p>\n<p>Outre les informations quantitatives du type relev\u00e9 ci-dessus, cette exp\u00e9rimentation a confirm\u00e9 la faisabilit\u00e9 d&#8217;employer la plateforme de communication DoDWAN dans le domaine maritime. En effet aucune modification de notre logiciel n&rsquo;a \u00e9t\u00e9 n\u00e9cessaire et le d\u00e9veloppement rapide d&rsquo;une application maritime bas\u00e9e sur DoDWAN est d&rsquo;ores et d\u00e9ja envisageable.<\/p>\n<ul>\n<li>Date : 18 juillet 2012<\/li>\n<li>Lieu : <a href=\"trace-expe-casa-18-07-2012.png\">rivi\u00e8re d&rsquo;Auray et baie de Quiberon<\/a><\/li>\n<li><a href=\"https:\/\/picasaweb.google.com\/106667541631032197145\/Expe18072012CASA?authuser=0&amp;feat=directlink\">Photos de la journ\u00e9e d&rsquo;exp\u00e9rimentation<\/a><\/li>\n<\/ul>\n<h2>R\u00e9union sur le potentiel des technologies \u00ab\u00a0r\u00e9seaux sans fils et sans infrastructures\u00a0\u00bb pour des applications marines<\/h2>\n<p>Cette r\u00e9union a \u00e9t\u00e9 un moment d&rsquo;\u00e9changes ouverts qui nous a permis :<\/p>\n<p>&#8211; de pr\u00e9senter plus en d\u00e9tail les technologies et les objectifs de l&rsquo;\u00e9quipe CASA du laboratoire IRISA<br \/>\n&#8211; d&rsquo;identifier des services ou des produits qui pourraient \u00eatre d\u00e9velopp\u00e9s en s&rsquo;appuyant sur ces technologies<br \/>\n&#8211; d&rsquo;envisager des collaborations possibles dans le cadre de projets de d\u00e9veloppement de ces applications<\/p>\n<ul>\n<li>Date : jeudi 6 d\u00e9cembre 2012, 9h30 &#8211; 12h00<\/li>\n<li>Lieu : salle C016, r.d.c. du batiment de l&rsquo;ENSIBS, campus de Tohannic, rue Yves Mainguy, Vannes<br \/>\n(<a href=\"https:\/\/www-casa.irisa.fr\/contact#acces\">plan d&rsquo;acc\u00e8s<\/a>).<\/li>\n<li>Organisateur et contact : <a href=\"mailto:gwenael.Le-maguer@univ-ubs.fr\">Gw\u00e9na\u00ebl Le Maguer<\/a>, tel.: 02.97.87.45.34<\/li>\n<li>Participants : Team Winds, MGDIS, SELLOR, CG56, PrimOcean, ASCFIN, IRISA\/CASA, UBS<\/li>\n<\/ul>\n<h2>Les Savanturiers de la mer<\/h2>\n<p>Le <a href=\"savanturiers_de_la_mer-2013.pdf\">projet SeaWAN \u00e9tait pr\u00e9sent<\/a> aux conf\u00e9rences du RIEM (<a href=\"http:\/\/riem-asso.com\/\">R\u00e9seau International des Eco-explorateurs de la Mer<\/a>) dans le cadre de la manifestion des SAVANTURIERS DE LA MER.<\/p>\n<ul>\n<li>Date : les 8, 9 et 10 mars 2013<\/li>\n<li>Lieu : <a href=\"http:\/\/www.citevoile-tabarly.com\"> Cit\u00e9 de la Voile Eric Tabarly, Lorient<\/a><\/li>\n<\/ul>\n<h2>Signature d&rsquo;une collaboration avec le P\u00f4le Finist\u00e8re Course au Large<\/h2>\n<p>Le <a href=\"http:\/\/www.polefinistere.com\/\">PFCL<\/a> a sign\u00e9 un contrat de collaboration avec l&rsquo;UBS pour exp\u00e9rimenter un syst\u00e8me d&rsquo;\u00e9change de<br \/>\ndonn\u00e9es de navigation en temps r\u00e9el lors de s\u00e9ances d&rsquo;entrainement. Dans ce cadre, l&rsquo;\u00e9quipe CASA d\u00e9veloppe<br \/>\n<a href=\"ship2ship\">Ship2ship <\/a> une solution embarqu\u00e9e assurant le transfert d&rsquo;informations NMEA entre PC de bord \u00e9quip\u00e9s du<br \/>\nlogiciel <a href=\"http:\/\/www.adrena.fr\/\">Adrena<\/a>. Les premiers essais en mer auront lieu \u00e0 la fin du mois d&rsquo;ao\u00fbt 2013 dans le cadre<br \/>\nd&rsquo;une sc\u00e9ance d&rsquo;entrainement entre 60 pieds IMOCA.<\/p>\n<ul>\n<li>Date : \u00e9t\u00e9 2013<\/li>\n<li>Participants : le <a href=\"http:\/\/www.polefinistere.com\/\">P\u00f4le Finist\u00e8re Course au Large<\/a>, la <a href=\"http:\/\/www.adrena.fr\/\">soci\u00e9t\u00e9 Adrena<\/a> et <a href=\"http:\/\/www.irisa.fr\">l&rsquo;IRISA<\/a><\/li>\n<li><a href=\"ship2ship\"> Page web du syst\u00e8me Ship2ship<\/a><\/li>\n<\/ul>\n<h2>Premiers essais de Ship2ship<\/h2>\n<p>Les premiers essais en mer du <a href=\"ship2ship\"> syst\u00e8me Ship2ship <\/a> ont eu lieu le 27 ao\u00fbt 2013 entre MACIF et un zodiac du P\u00f4le Finist\u00e8re Course au Large. Ils confirment les <a href=\"#Exp\u00e9rimentation\">r\u00e9sultats obtenus \u00e0 l&rsquo;\u00e9t\u00e9 2012<\/a> en terme de port\u00e9e des antennes WL400 et des fonctionnalit\u00e9s de Ship2ship : deux navires \u00e9quip\u00e9s d&rsquo;un PC avec le logiciel Adrena et du syst\u00e8me Ship2ship peuvent visualiser en temps r\u00e9el les donn\u00e9es de la centrale de navigation de l&rsquo;autre navire jusqu&rsquo;\u00e0 une distance de 1520m.<\/p>\n<ul>\n<li>Date : 27 ao\u00fbt 2013<\/li>\n<li>Participants : <a href=\"http:\/\/www.macifcourseaularge.com\/\">MACIF<\/a>, le <a href=\"http:\/\/www.polefinistere.com\/\">P\u00f4le Finist\u00e8re Course au Large<\/a>, la <a href=\"http:\/\/www.adrena.fr\/\">soci\u00e9t\u00e9 Adrena<\/a> et <a href=\"http:\/\/www-irisa.univ-ubs.fr\">l&rsquo;IRISA \/ UBS<\/a><\/li>\n<li><a href=\"https:\/\/plus.google.com\/photos\/106667541631032197145\/albums\/5916899395246104465?authkey=CNuIwMS7k5fXOA\">Photos de la journ\u00e9e d&rsquo;exp\u00e9rimentation<\/a><\/li>\n<li>Lieu : <a href=\"trace-expe-MACIF-27-08-2013.png\">Port La For\u00eat \/ Les Gl\u00e9nans<\/a><\/li>\n<li><a href=\"ship2ship\"> Page web<\/a> du syst\u00e8me Ship2ship<\/li>\n<\/ul>\n<p><\/p>","protected":false},"excerpt":{"rendered":"<p>Coordinateur du projet : Fr\u00e9d\u00e9ric Raimbault avec le soutien de Gwena\u00ebl Le Maguer, ing\u00e9nieur transfert nautisme et construction navale Objectif L&rsquo;\u00e9quipe CASA de l&rsquo; UMR IRISA poss\u00e8de une expertise scientifique et technique dans le domaine des r\u00e9seaux mobiles ad-hoc (MANET). Elle a notamment con\u00e7u et d\u00e9velopp\u00e9 un syst\u00e8me de communication nomm\u00e9 DoDWAN. DoDWAN permet \u00e0 &hellip; <\/p>\n<p><a class=\"more-link btn\" href=\"https:\/\/www-casa.irisa.fr\/fr\/seawan\/\">Lire la suite<\/a><\/p>\n","protected":false},"author":768,"featured_media":0,"parent":0,"menu_order":0,"comment_status":"open","ping_status":"open","template":"","meta":{"footnotes":""},"class_list":["post-1106","page","type-page","status-publish","hentry","nodate","item-wrap"],"_links":{"self":[{"href":"https:\/\/www-casa.irisa.fr\/fr\/wp-json\/wp\/v2\/pages\/1106","targetHints":{"allow":["GET"]}}],"collection":[{"href":"https:\/\/www-casa.irisa.fr\/fr\/wp-json\/wp\/v2\/pages"}],"about":[{"href":"https:\/\/www-casa.irisa.fr\/fr\/wp-json\/wp\/v2\/types\/page"}],"author":[{"embeddable":true,"href":"https:\/\/www-casa.irisa.fr\/fr\/wp-json\/wp\/v2\/users\/768"}],"replies":[{"embeddable":true,"href":"https:\/\/www-casa.irisa.fr\/fr\/wp-json\/wp\/v2\/comments?post=1106"}],"version-history":[{"count":18,"href":"https:\/\/www-casa.irisa.fr\/fr\/wp-json\/wp\/v2\/pages\/1106\/revisions"}],"predecessor-version":[{"id":1108,"href":"https:\/\/www-casa.irisa.fr\/fr\/wp-json\/wp\/v2\/pages\/1106\/revisions\/1108"}],"wp:attachment":[{"href":"https:\/\/www-casa.irisa.fr\/fr\/wp-json\/wp\/v2\/media?parent=1106"}],"curies":[{"name":"wp","href":"https:\/\/api.w.org\/{rel}","templated":true}]}}